{"id":413,"date":"2023-03-10T11:25:39","date_gmt":"2023-03-10T16:25:39","guid":{"rendered":"https:\/\/denivo.ca\/?page_id=413"},"modified":"2023-04-25T17:54:25","modified_gmt":"2023-04-25T22:54:25","slug":"contact","status":"publish","type":"page","link":"https:\/\/denivo.ca\/en\/contact\/","title":{"rendered":"Contact"},"content":{"rendered":"<div id=\"cs-content\" class=\"cs-content\"><\/div>","protected":false},"excerpt":{"rendered":"<p>CONTACTEZ-NOUSN\u2019h\u00e9sitez pas \u00e0 nous contacter pour tous vos besoins de r\u00e9novation. Il nous fera plaisir de discuter de votre project avec vous.Notre secteur d\u2019activit\u00e9s principal est le quartier de l\u2019\u00cele-des-S\u0153urs &#8230;<\/p>","protected":false},"author":6,"featured_media":0,"parent":0,"menu_order":0,"comment_status":"closed","ping_status":"closed","template":"template-blank-4.php","meta":[],"_links":{"self":[{"href":"https:\/\/denivo.ca\/en\/wp-json\/wp\/v2\/pages\/413"}],"collection":[{"href":"https:\/\/denivo.ca\/en\/wp-json\/wp\/v2\/pages"}],"about":[{"href":"https:\/\/denivo.ca\/en\/wp-json\/wp\/v2\/types\/page"}],"author":[{"embeddable":true,"href":"https:\/\/denivo.ca\/en\/wp-json\/wp\/v2\/users\/6"}],"replies":[{"embeddable":true,"href":"https:\/\/denivo.ca\/en\/wp-json\/wp\/v2\/comments?post=413"}],"version-history":[{"count":35,"href":"https:\/\/denivo.ca\/en\/wp-json\/wp\/v2\/pages\/413\/revisions"}],"predecessor-version":[{"id":742,"href":"https:\/\/denivo.ca\/en\/wp-json\/wp\/v2\/pages\/413\/revisions\/742"}],"wp:attachment":[{"href":"https:\/\/denivo.ca\/en\/wp-json\/wp\/v2\/media?parent=413"}],"curies":[{"name":"wp","href":"https:\/\/api.w.org\/{rel}","templated":true}]}}