{"id":429,"date":"2023-03-10T12:35:04","date_gmt":"2023-03-10T17:35:04","guid":{"rendered":"https:\/\/denivo.ca\/?page_id=429"},"modified":"2023-05-08T10:41:16","modified_gmt":"2023-05-08T15:41:16","slug":"services","status":"publish","type":"page","link":"https:\/\/denivo.ca\/en\/services\/","title":{"rendered":"Services"},"content":{"rendered":"<div id=\"cs-content\" class=\"cs-content\"><\/div>","protected":false},"excerpt":{"rendered":"<p>NOS SERVICESNous offrons une gamme compl\u00e8te de services de r\u00e9novation professionnels cl\u00e9s en main.Gestion de projetsNotre travail efficace combin\u00e9 \u00e0 notre expertise en gestion de projets nous permet de vous &#8230;<\/p>","protected":false},"author":6,"featured_media":0,"parent":0,"menu_order":0,"comment_status":"closed","ping_status":"closed","template":"template-blank-4.php","meta":[],"_links":{"self":[{"href":"https:\/\/denivo.ca\/en\/wp-json\/wp\/v2\/pages\/429"}],"collection":[{"href":"https:\/\/denivo.ca\/en\/wp-json\/wp\/v2\/pages"}],"about":[{"href":"https:\/\/denivo.ca\/en\/wp-json\/wp\/v2\/types\/page"}],"author":[{"embeddable":true,"href":"https:\/\/denivo.ca\/en\/wp-json\/wp\/v2\/users\/6"}],"replies":[{"embeddable":true,"href":"https:\/\/denivo.ca\/en\/wp-json\/wp\/v2\/comments?post=429"}],"version-history":[{"count":51,"href":"https:\/\/denivo.ca\/en\/wp-json\/wp\/v2\/pages\/429\/revisions"}],"predecessor-version":[{"id":752,"href":"https:\/\/denivo.ca\/en\/wp-json\/wp\/v2\/pages\/429\/revisions\/752"}],"wp:attachment":[{"href":"https:\/\/denivo.ca\/en\/wp-json\/wp\/v2\/media?parent=429"}],"curies":[{"name":"wp","href":"https:\/\/api.w.org\/{rel}","templated":true}]}}