{"id":574,"date":"2023-03-28T11:20:57","date_gmt":"2023-03-28T16:20:57","guid":{"rendered":"https:\/\/denivo.ca\/?page_id=574"},"modified":"2023-05-08T10:40:55","modified_gmt":"2023-05-08T15:40:55","slug":"realisations","status":"publish","type":"page","link":"https:\/\/denivo.ca\/en\/realisations\/","title":{"rendered":"Realisations"},"content":{"rendered":"<div id=\"cs-content\" class=\"cs-content\"><\/div>","protected":false},"excerpt":{"rendered":"<p>NOS R\u00c9ALISATIONSExplorez ici quelques photos de nos projets de r\u00e9novation r\u00e9alis\u00e9s avec passion et savoir-faire depuis plus de 10 ans.Cuisine Salle de bains Varia Contactez-nous pour en savoir plusAcc\u00e9dez au &#8230;<\/p>","protected":false},"author":6,"featured_media":0,"parent":0,"menu_order":0,"comment_status":"closed","ping_status":"closed","template":"template-blank-4.php","meta":[],"_links":{"self":[{"href":"https:\/\/denivo.ca\/en\/wp-json\/wp\/v2\/pages\/574"}],"collection":[{"href":"https:\/\/denivo.ca\/en\/wp-json\/wp\/v2\/pages"}],"about":[{"href":"https:\/\/denivo.ca\/en\/wp-json\/wp\/v2\/types\/page"}],"author":[{"embeddable":true,"href":"https:\/\/denivo.ca\/en\/wp-json\/wp\/v2\/users\/6"}],"replies":[{"embeddable":true,"href":"https:\/\/denivo.ca\/en\/wp-json\/wp\/v2\/comments?post=574"}],"version-history":[{"count":15,"href":"https:\/\/denivo.ca\/en\/wp-json\/wp\/v2\/pages\/574\/revisions"}],"predecessor-version":[{"id":720,"href":"https:\/\/denivo.ca\/en\/wp-json\/wp\/v2\/pages\/574\/revisions\/720"}],"wp:attachment":[{"href":"https:\/\/denivo.ca\/en\/wp-json\/wp\/v2\/media?parent=574"}],"curies":[{"name":"wp","href":"https:\/\/api.w.org\/{rel}","templated":true}]}}